{"id":75,"date":"2026-04-12T12:04:23","date_gmt":"2026-04-12T12:04:23","guid":{"rendered":"https:\/\/vloanhduong.com\/?post_type=product&#038;p=75"},"modified":"2026-04-12T12:18:24","modified_gmt":"2026-04-12T12:18:24","slug":"ke-sat-v-lo-da-nang-dai-12-x-rong-04-x-cao-06-08m-x-2-tang-lap-ghep","status":"publish","type":"product","link":"https:\/\/vloanhduong.com\/index.php\/product\/ke-sat-v-lo-da-nang-dai-12-x-rong-04-x-cao-06-08m-x-2-tang-lap-ghep\/","title":{"rendered":"K\u1ec7 S\u1eaft V L\u1ed7 \u0110a N\u0103ng"},"content":{"rendered":"<p>Gi\u00e1 k\u1ec7 s\u1eaft V l\u1ed7 \u0111a n\u0103ng d\u00f9ng l\u1eafp gh\u00e9p th\u00e0nh b\u1ed9 k\u1ec7 \u0111\u1ec3 h\u00e0ng trong kho, si\u00eau th\u1ecb, \u0111\u1ec3 \u0111\u1ed3 trong nh\u00e0, k\u1ec7 h\u1ed3 s\u01a1 ch\u1ee9ng t\u1eeb. K\u1ec7 s\u1eaft \u0111\u00e3 \u0111\u01b0\u1ee3c x\u1eed l\u00fd b\u1ec1 m\u1eb7t ch\u1ed1ng han g\u1ec9, tr\u00e0y x\u01b0\u1edbc b\u1eb1ng s\u01a1n t\u0129nh \u0111i\u1ec7n cao c\u1ea5p 3 l\u1edbp \u0111\u1ed9 b\u1ec1n cao v\u00e0 ch\u1ed1ng \u1ea9m m\u1ed1c, ch\u1ed1ng oxi ho\u00e1. \u0110\u01b0\u1ee3c t\u00f4i luy\u1ec7n qua qua m\u00f4 h\u00ecnh c\u00f4ng nghi\u1ec7p n\u00ean r\u1ea5t c\u1ee9ng v\u00e0 r\u1eafn ch\u1eafc ch\u1ecbu \u0111\u01b0\u1ee3c l\u1ef1c u\u1ed1n k\u00e9o, xo\u1eafn l\u1edbn h\u01a1n b\u00ecnh th\u01b0\u1eddng <\/p>\n<p>K\u00edch th\u01b0\u1edbc: D\u00e0i 1,2 m x r\u1ed9ng 0,4m x cao (0,6m, 0,8m) x 2 s\u00e0n <\/p>\n<p>&#8211; D\u00e0i: 1200mm<\/p>\n<p>&#8211; R\u1ed9ng: 400mm<\/p>\n<p>&#8211; Cao: 600-800mm<\/p>\n<p>&#8211; M\u00e0u s\u1eafc k\u1ec7: X\u00e1m, Tr\u1eafng<\/p>\n<p>&#8211; M\u00e2m t\u1ea7ng: 2 s\u00e0n<\/p>\n<p>&#8211; D\u00e0y: 0,7mm<\/p>\n<p>&#8211; Tr\u1ee5 v l\u1ed7: D\u00e0i 1,5-2m:  V3x3, V3x5 (B\u1ea3n to l\u1eafp k\u1ec7 ch\u1eafc ch\u1eafn) d\u00e0y 1,8 mm <\/p>\n<p>&#8211; 8 ke g\u00f3c<\/p>\n<p>&#8211; S\u00e0n th\u00e9p d\u1ee5c l\u1ed7 4 g\u00f3c chia \u0111\u1ec1u d\u00f9ng b\u1eaft \u1ed1c + ke g\u00f3c<\/p>\n<p>&#8211; S\u1eed d\u1ee5ng bulong M8-15(ho\u1eb7c c\u00e1c lo\u1ea1i bulong g\u1ea7n t\u01b0\u01a1ng t\u1ef1) \u0111\u1ec3 b\u1eaft v\u1edbi thanh v l\u1ed7 <\/p>\n<p>&#8211; T\u1ea5m m\u1eb7t th\u00e9p g\u1ea5p tole cu\u1ed1n c\u1ea1nh d\u00e0y 30mm ch\u1ecbu t\u1ea3i tr\u1ecdng 30-50kg\/t\u1ea7ng<\/p>\n<p>&#8211; V\u1eadt li\u1ec7u th\u00e9p: Th\u00e9p t\u1ea5m c\u00e1n n\u00f3ng, theo ti\u00eau chu\u1ea9n Nh\u1eadt B\u1ea3n (JIS G3101) <\/p>\n<p>&#8211; S\u01a1n ph\u1ee7: S\u01a1n t\u0129nh \u0111i\u1ec7n 3 l\u1edbp, ch\u1ed1ng x\u01b0\u1edbc, b\u1ec1n m\u00e0u theo th\u1eddi gian theo ti\u00eau chu\u1ea9n Ch\u00e2u \u00c2u S\u01a1n t\u0129nh \u0111i\u1ec7n b\u1ed9t, <\/p>\n<p>&#8211; Khung k\u1ec7:  \u0111\u01b0\u1ee3c s\u1eed d\u1ee5ng c\u1ed9t L c\u00f3 l\u1ed7 \u0111\u1ee5c c\u00e1ch \u0111\u1ec1u tr\u00ean th\u00e2n c\u00f3 m\u1eb7t c\u1eaft ngang 30&#215;30 c\u00f3 \u0111\u1ed9 d\u00e0y 1,8mm<\/p>\n<p>&#8211; M\u00e2m k\u1ec7: S\u1eed d\u1ee5ng s\u00e0n th\u00e9p c\u00f3 \u0111\u1ed9 d\u00e0y 0,7mm c\u00f3 g\u00e2n t\u0103ng c\u1ee9ng 20&#215;50 ch\u1ea1y d\u1ecdc s\u00e0n, c\u00e1c g\u00f3c g\u1ea5p cu\u1ed1n c\u1ea1nh 3cm.<\/p>\n<p>&#8211; Ph\u1ee5 ki\u1ec7n: Ke g\u00f3c cho m\u1ed7i k\u1ec7 s\u1eed d\u1ee5ng 8 ke g\u00f3c 4 g\u00f3c tr\u00ean c\u00f9ng v\u00e0 4 g\u00f3c d\u01b0\u1edbi c\u00f9ng. Bulong s\u1eed d\u1ee5ng lo\u1ea1i M8X12 \u0111\u1ea7u tr\u00f2n c\u1ed5 vu\u00f4ng \u0111\u1ecbnh v\u1ecb k\u1ec7 vu\u00f4ng g\u00f3c kh\u00f4ng b\u1ecb l\u1ec7ch.<\/p>\n<p>-B\u1ea3o h\u00e0nh: 60 th\u00e1ng<\/p>\n<p>&#8211; \u01afu \u0111i\u1ec3m n\u1ed5i b\u1eadt k\u1ec7 s\u1eaft v l\u1ed7 l\u1eafp gh\u00e9p \u0111a n\u0103ng:<\/p>\n<p>\u2013 L\u1eafp \u0111\u1eb7t v\u1eadn chuy\u1ec3n d\u1ec5 d\u00e0ng, \u0111\u01a1n gi\u1ea3n g\u1ecdn nh\u1eb9 thay \u0111\u1ed5i t\u1ea7ng chi\u1ec1u cao c\u00e1c t\u1ea7ng <\/p>\n<p>&#8211; Thay \u0111\u1ed5i v\u1ecb tr\u00ed ho\u1eb7c th\u00eam c\u00e1c m\u1eb7t s\u00e0n ph\u00f9 h\u1ee3p v\u1edbi quy c\u00e1ch v\u00e0 t\u1ea3i tr\u1ecdng h\u00e0ng h\u00f3a.<\/p>\n<p>\u2013 Ch\u1ea5t li\u1ec7u th\u00e9p c\u1ee9ng c\u00e1p, b\u1ec1n \u0111\u1eb9p, g\u1ecdn g\u00e0ng ti\u1ebft ki\u1ec7m kh\u00f4ng gian ch\u1ee9a<\/p>\n<p>\u2013 Gi\u00e1 th\u00e0nh r\u1ebb t\u1ed1i \u01b0u h\u01a1n so v\u1edbi s\u1ea3n ph\u1ea9m c\u00f9ng lo\u1ea1i <\/p>\n<p>\u2013 Th\u00e9p v l\u1ed7 an to\u00e0n \u0111\u1ea1t ti\u00eau chu\u1ea9n an to\u00e0n khi s\u1eed d\u1ee5ng<\/p>\n<p>\u2013 V\u1ec7 sinh lau ch\u00f9i d\u1ec5 d\u00e0ng nhanh ch\u00f3ng <\/p>\n<p>&#8211; Thi\u1ebft k\u1ebf theo phong c\u00e1ch hi\u1ec7n \u0111\u1ea1i v\u1edbi t\u00ednh th\u1ea9m m\u1ef9 cao khi s\u1eed d\u1ee5ng <\/p>\n<p>&#8211; D\u00f3ng g\u00f3i di chuy\u1ec3n g\u1ecdn nh\u1eb9 thu\u1eadn ti\u1ec7n cho di chuy\u1ec3n <\/p>\n<p>&#8211; \u1ee8ng d\u1ee5ng gi\u00e1 k\u1ec7 s\u1eaft v l\u1ed7 \u0111\u01b0\u1ee3c d\u00f9ng ph\u00f4\u0309 bi\u00ea\u0301n cho c\u00e1c nhu c\u00e2\u0300u sau \u0111\u00e2y:<\/p>\n<p>&#8211;  L\u01b0u tr\u1eef h\u00e0ng h\u00f3a, t\u00e0i li\u1ec7u trong kho, tr\u01b0ng b\u00e0y trong si\u00eau th\u1ecb, Minimart.<\/p>\n<p>&#8211; \u0110\u1ec3 \u0111\u1ed3 \u0111\u1ea1c trong gia \u0111\u00ecnh, v\u0103n ph\u00f2ng nh\u00e0 x\u01b0\u1edfng<\/p>\n<p>&#8211; Khung s\u1eaft \u0111a n\u0103ng d\u00f9ng l\u00e0m gi\u00e0n tr\u1ed3ng rau s\u1ea1ch \u0111\u1ec3 \u0111\u1ee1 khay nh\u1ef1a, th\u00f9ng x\u1ed1p tr\u1ed3ng rau s\u1ea1ch <\/p>\n<p> &#8211; Th\u00e9p v l\u1ed7 l\u00e0m khung k\u1ec7 s\u1eaft th\u00f4ng minh c\u00f3 kh\u1ea3 n\u0103ng ch\u1ecbu l\u1ef1c si\u00eau b\u1ec1n, ch\u00fang ta c\u00f3 th\u1ec3 tho\u1ea3i m\u00e1i s\u1eafp x\u1ebfp t\u00e0i li\u1ec7u, v\u1eadt d\u00f9ng, h\u00e0ng h\u00f3a tr\u00ean k\u1ec7 m\u1ed9t c\u00e1ch g\u1ecdn g\u00e0ng gi\u00fap ti\u1ebft ki\u1ec7m kh\u00f4ng gian l\u01b0u tr\u1eef. S\u1eafp x\u1ebfp \u0111\u1ed3 trong nha gia \u0111\u00ecnh nh\u01b0 vali, ch\u0103n m\u00e0n d\u1ee5ng c\u1ee5 s\u1eeda ch\u1eefa c\u1ea7m tay gia \u0111\u00ecnh, \u0111\u1ed3 t\u01b0 trang c\u00e1 nh\u00e2n\u2026<\/p>\n<p>K\u1ec7 s\u1eaft v l\u1ed7 \u0111a n\u0103ng c\u00f3 c\u1ea5u t\u1ea1o v\u00f4 c\u00f9ng \u0111\u01a1n gi\u1ea3n, g\u1ed3m c\u00e1c thanh s\u1eaft v l\u1ed7, s\u1eed d\u1ee5ng \u1ed1c v\u00edt, thao t\u00e1c th\u00e1o l\u1eafp nhanh ch\u00f3ng, d\u1ec5 d\u00e0ng. <\/p>\n<p>#kesat #kesatdanang #kesatvlodanang #kesatdedo #kesatgiadinh #kesatvlo #kededogiadinh #kedetailieu #kedehoso #kevlodananggiare #kemaughi #kemautrang #kekhohang #kedekhohang #kechuado #kedungdodanang #kesatkhoh<\/p>\n","protected":false},"excerpt":{"rendered":"<p>K\u1ec7 S\u1eaft V L\u1ed7 \u0110a N\u0103ng D\u00e0i 1,2 x R\u1ed9ng 0,4 x Cao 0,6-0,8m x 2 T\u1ea7ng L\u1eafp Gh\u00e9p<\/p>\n","protected":false},"featured_media":76,"comment_status":"open","ping_status":"closed","template":"","meta":{"_acf_changed":false},"product_brand":[],"product_cat":[17],"product_tag":[],"class_list":{"0":"post-75","1":"product","2":"type-product","3":"status-publish","4":"has-post-thumbnail","6":"product_cat-ke","8":"first","9":"instock","10":"shipping-taxable","11":"product-type-simple"},"acf":[],"_links":{"self":[{"href":"https:\/\/vloanhduong.com\/index.php\/wp-json\/wp\/v2\/product\/75","targetHints":{"allow":["GET"]}}],"collection":[{"href":"https:\/\/vloanhduong.com\/index.php\/wp-json\/wp\/v2\/product"}],"about":[{"href":"https:\/\/vloanhduong.com\/index.php\/wp-json\/wp\/v2\/types\/product"}],"replies":[{"embeddable":true,"href":"https:\/\/vloanhduong.com\/index.php\/wp-json\/wp\/v2\/comments?post=75"}],"wp:featuredmedia":[{"embeddable":true,"href":"https:\/\/vloanhduong.com\/index.php\/wp-json\/wp\/v2\/media\/76"}],"wp:attachment":[{"href":"https:\/\/vloanhduong.com\/index.php\/wp-json\/wp\/v2\/media?parent=75"}],"wp:term":[{"taxonomy":"product_brand","embeddable":true,"href":"https:\/\/vloanhduong.com\/index.php\/wp-json\/wp\/v2\/product_brand?post=75"},{"taxonomy":"product_cat","embeddable":true,"href":"https:\/\/vloanhduong.com\/index.php\/wp-json\/wp\/v2\/product_cat?post=75"},{"taxonomy":"product_tag","embeddable":true,"href":"https:\/\/vloanhduong.com\/index.php\/wp-json\/wp\/v2\/product_tag?post=75"}],"curies":[{"name":"wp","href":"https:\/\/api.w.org\/{rel}","templated":true}]}}