{"id":73,"date":"2026-04-12T12:00:10","date_gmt":"2026-04-12T12:00:10","guid":{"rendered":"https:\/\/vloanhduong.com\/?post_type=product&#038;p=73"},"modified":"2026-04-12T12:00:10","modified_gmt":"2026-04-12T12:00:10","slug":"ke-goc-bat-do","status":"publish","type":"product","link":"https:\/\/vloanhduong.com\/index.php\/product\/ke-goc-bat-do\/","title":{"rendered":"Ke g\u00f3c (B\u00e1t \u0111\u1ee1)"},"content":{"rendered":"","protected":false},"excerpt":{"rendered":"","protected":false},"featured_media":74,"comment_status":"open","ping_status":"closed","template":"","meta":{"_acf_changed":false},"product_brand":[],"product_cat":[19],"product_tag":[],"class_list":{"0":"post-73","1":"product","2":"type-product","3":"status-publish","4":"has-post-thumbnail","6":"product_cat-phu-kien","8":"first","9":"instock","10":"shipping-taxable","11":"product-type-simple"},"acf":[],"_links":{"self":[{"href":"https:\/\/vloanhduong.com\/index.php\/wp-json\/wp\/v2\/product\/73","targetHints":{"allow":["GET"]}}],"collection":[{"href":"https:\/\/vloanhduong.com\/index.php\/wp-json\/wp\/v2\/product"}],"about":[{"href":"https:\/\/vloanhduong.com\/index.php\/wp-json\/wp\/v2\/types\/product"}],"replies":[{"embeddable":true,"href":"https:\/\/vloanhduong.com\/index.php\/wp-json\/wp\/v2\/comments?post=73"}],"wp:featuredmedia":[{"embeddable":true,"href":"https:\/\/vloanhduong.com\/index.php\/wp-json\/wp\/v2\/media\/74"}],"wp:attachment":[{"href":"https:\/\/vloanhduong.com\/index.php\/wp-json\/wp\/v2\/media?parent=73"}],"wp:term":[{"taxonomy":"product_brand","embeddable":true,"href":"https:\/\/vloanhduong.com\/index.php\/wp-json\/wp\/v2\/product_brand?post=73"},{"taxonomy":"product_cat","embeddable":true,"href":"https:\/\/vloanhduong.com\/index.php\/wp-json\/wp\/v2\/product_cat?post=73"},{"taxonomy":"product_tag","embeddable":true,"href":"https:\/\/vloanhduong.com\/index.php\/wp-json\/wp\/v2\/product_tag?post=73"}],"curies":[{"name":"wp","href":"https:\/\/api.w.org\/{rel}","templated":true}]}}