{"id":69,"date":"2026-04-12T11:52:06","date_gmt":"2026-04-12T11:52:06","guid":{"rendered":"https:\/\/vloanhduong.com\/?post_type=product&#038;p=69"},"modified":"2026-04-12T12:18:03","modified_gmt":"2026-04-12T12:18:03","slug":"guong-v-lo","status":"publish","type":"product","link":"https:\/\/vloanhduong.com\/index.php\/product\/guong-v-lo\/","title":{"rendered":"G\u01b0\u1eddng V l\u1ed7"},"content":{"rendered":"","protected":false},"excerpt":{"rendered":"<p>Gi\u01b0\u1eddng s\u1eaft V l\u1ed7 \u0111\u01b0\u1ee3c l\u1eafp gh\u00e9p ho\u00e0n to\u00e0n t\u1eeb c\u00e1c thanh s\u1eaft V l\u1ed7 t\u1ea1o th\u00e0nh b\u1ed9 khung ho\u00e0n ch\u1ec9nh, c\u00f3 \u0111\u1ed9 b\u1ec1n cao, kh\u1ea3 n\u0103ng ch\u1ecbu l\u1ef1c t\u1ed1t, \u01b0u \u0111i\u1ec3m gi\u00e1 th\u00e0nh r\u1ebb, d\u1ec5 l\u1eafp r\u00e1p v\u00e0 s\u1eed d\u1ee5ng, ti\u1ebft ki\u1ec7m chi ph\u00ed. V\u1edbi nhi\u1ec1u \u01b0u \u0111i\u1ec3m nh\u01b0 v\u1eady, m\u1eabu gi\u01b0\u1eddng n\u00e0y th\u01b0\u1eddng \u0111\u01b0\u1ee3c c\u00e1c gia \u0111\u00ecnh s\u1eed d\u1ee5ng t\u1ea1i nh\u00e0 \u0111\u1ec3 l\u00e0m gi\u01b0\u1eddng ng\u1ee7 cho tr\u1ebb nh\u1ecf. \u0110\u1eb7c bi\u1ec7t r\u1ea5t \u0111\u01b0\u1ee3c \u01b0a chu\u1ed9ng t\u1ea1i c\u00e1c nh\u00e0 tr\u1ecd, k\u00fd t\u00fac x\u00e1, khu \u1edf c\u1ee7a c\u00f4ng nh\u00e2n, c\u00e1c ch\u1ed7 \u1edf t\u1eadp th\u1ec3. <\/p>\n","protected":false},"featured_media":70,"comment_status":"open","ping_status":"closed","template":"","meta":{"_acf_changed":false},"product_brand":[],"product_cat":[18],"product_tag":[],"class_list":{"0":"post-69","1":"product","2":"type-product","3":"status-publish","4":"has-post-thumbnail","6":"product_cat-giuong","8":"first","9":"instock","10":"featured","11":"shipping-taxable","12":"product-type-simple"},"acf":[],"_links":{"self":[{"href":"https:\/\/vloanhduong.com\/index.php\/wp-json\/wp\/v2\/product\/69","targetHints":{"allow":["GET"]}}],"collection":[{"href":"https:\/\/vloanhduong.com\/index.php\/wp-json\/wp\/v2\/product"}],"about":[{"href":"https:\/\/vloanhduong.com\/index.php\/wp-json\/wp\/v2\/types\/product"}],"replies":[{"embeddable":true,"href":"https:\/\/vloanhduong.com\/index.php\/wp-json\/wp\/v2\/comments?post=69"}],"wp:featuredmedia":[{"embeddable":true,"href":"https:\/\/vloanhduong.com\/index.php\/wp-json\/wp\/v2\/media\/70"}],"wp:attachment":[{"href":"https:\/\/vloanhduong.com\/index.php\/wp-json\/wp\/v2\/media?parent=69"}],"wp:term":[{"taxonomy":"product_brand","embeddable":true,"href":"https:\/\/vloanhduong.com\/index.php\/wp-json\/wp\/v2\/product_brand?post=69"},{"taxonomy":"product_cat","embeddable":true,"href":"https:\/\/vloanhduong.com\/index.php\/wp-json\/wp\/v2\/product_cat?post=69"},{"taxonomy":"product_tag","embeddable":true,"href":"https:\/\/vloanhduong.com\/index.php\/wp-json\/wp\/v2\/product_tag?post=69"}],"curies":[{"name":"wp","href":"https:\/\/api.w.org\/{rel}","templated":true}]}}